{"id":1775,"date":"2024-01-11T23:02:34","date_gmt":"2024-01-11T22:02:34","guid":{"rendered":"https:\/\/concerts.externes.foodle.co\/steun-ons\/"},"modified":"2025-05-18T13:11:08","modified_gmt":"2025-05-18T11:11:08","slug":"steun-ons","status":"publish","type":"page","link":"https:\/\/concertsduprintemps.be\/nl\/steun-ons\/","title":{"rendered":"Steun ons"},"content":{"rendered":"\n<style type=\"text\/css\" data-created_by=\"avia_inline_auto\" id=\"style-css-av-3jiwoi-5df9240fd8a94351b7897ac05dd77100\">\n.avia-section.av-3jiwoi-5df9240fd8a94351b7897ac05dd77100 .av-parallax .av-parallax-inner{\nbackground-repeat:no-repeat;\nbackground-image:url(https:\/\/concertsduprintemps.be\/wp-content\/uploads\/sites\/3\/2024\/03\/Val-Dieu-vierkantavond-stukje.jpg);\nbackground-position:50% 100%;\nbackground-attachment:scroll;\n}\n<\/style>\n<div id='av_section_1'  class='avia-section av-3jiwoi-5df9240fd8a94351b7897ac05dd77100 main_color avia-section-default avia-no-shadow  avia-builder-el-0  el_before_av_one_full  avia-builder-el-first  avia-full-stretch av-parallax-section avia-bg-style-parallax container_wrap fullsize'  data-section-bg-repeat='stretch'><div class='av-parallax' data-avia-parallax-ratio='0.3' ><div class='av-parallax-inner main_color avia-full-stretch'><\/div><\/div><div class='container av-section-cont-open' ><main  role=\"main\" itemprop=\"mainContentOfPage\"  class='template-page content  av-content-full alpha units'><div class='post-entry post-entry-type-page post-entry-1775'><div class='entry-content-wrapper clearfix'>\n\n<style type=\"text\/css\" data-created_by=\"avia_inline_auto\" id=\"style-css-av-lrgtgv8p-8ba4f1c50f82dc3150966aca2861ce19\">\n#top .av-special-heading.av-lrgtgv8p-8ba4f1c50f82dc3150966aca2861ce19{\npadding-bottom:0;\ncolor:#ffffff;\nfont-size:60px;\n}\nbody .av-special-heading.av-lrgtgv8p-8ba4f1c50f82dc3150966aca2861ce19 .av-special-heading-tag .heading-char{\nfont-size:25px;\n}\n#top #wrap_all .av-special-heading.av-lrgtgv8p-8ba4f1c50f82dc3150966aca2861ce19 .av-special-heading-tag{\nfont-size:60px;\n}\n.av-special-heading.av-lrgtgv8p-8ba4f1c50f82dc3150966aca2861ce19 .special-heading-inner-border{\nborder-color:#ffffff;\n}\n.av-special-heading.av-lrgtgv8p-8ba4f1c50f82dc3150966aca2861ce19 .av-subheading{\nfont-size:18px;\n}\n\n@media only screen and (min-width: 480px) and (max-width: 767px){ \n#top #wrap_all .av-special-heading.av-lrgtgv8p-8ba4f1c50f82dc3150966aca2861ce19 .av-special-heading-tag{\nfont-size:0.8em;\n}\n}\n\n@media only screen and (max-width: 479px){ \n#top #wrap_all .av-special-heading.av-lrgtgv8p-8ba4f1c50f82dc3150966aca2861ce19 .av-special-heading-tag{\nfont-size:0.8em;\n}\n}\n<\/style>\n<div  class='av-special-heading av-lrgtgv8p-8ba4f1c50f82dc3150966aca2861ce19 av-special-heading-h1 custom-color-heading blockquote modern-quote  avia-builder-el-1  avia-builder-el-no-sibling  av-thin-font av-inherit-size'><h1 class='av-special-heading-tag '  itemprop=\"headline\"  >Steun<strong>-ons !<\/strong><\/h1><div class=\"special-heading-border\"><div class=\"special-heading-inner-border\"><\/div><\/div><\/div>\n<\/div><\/div><\/main><!-- close content main element --><\/div><\/div><div id='after_section_1'  class='main_color av_default_container_wrap container_wrap fullsize'  ><div class='container av-section-cont-open' ><div class='template-page content  av-content-full alpha units'><div class='post-entry post-entry-type-page post-entry-1775'><div class='entry-content-wrapper clearfix'>\n<div class='flex_column_table av-3gwnxm-e22f39a6de3e4bcfa4e7043b0dcd1766 sc-av_one_full av-equal-height-column-flextable'><div  id=\"nous-soutenir\"  class='flex_column av-3gwnxm-e22f39a6de3e4bcfa4e7043b0dcd1766 av_one_full  avia-builder-el-2  el_after_av_section  el_before_av_hr  avia-builder-el-first  first flex_column_table_cell av-equal-height-column av-align-middle  '     ><p>\n<style type=\"text\/css\" data-created_by=\"avia_inline_auto\" id=\"style-css-av-bg71e-64fa9868e11750640e1f53a9d7d9bdec\">\n#top .av-special-heading.av-bg71e-64fa9868e11750640e1f53a9d7d9bdec{\npadding-bottom:0;\ncolor:#ac8c7e;\nfont-size:60px;\n}\nbody .av-special-heading.av-bg71e-64fa9868e11750640e1f53a9d7d9bdec .av-special-heading-tag .heading-char{\nfont-size:25px;\n}\n#top #wrap_all .av-special-heading.av-bg71e-64fa9868e11750640e1f53a9d7d9bdec .av-special-heading-tag{\nfont-size:60px;\n}\n.av-special-heading.av-bg71e-64fa9868e11750640e1f53a9d7d9bdec .special-heading-inner-border{\nborder-color:#ac8c7e;\n}\n.av-special-heading.av-bg71e-64fa9868e11750640e1f53a9d7d9bdec .av-subheading{\nfont-size:18px;\n}\n\n@media only screen and (min-width: 480px) and (max-width: 767px){ \n#top #wrap_all .av-special-heading.av-bg71e-64fa9868e11750640e1f53a9d7d9bdec .av-special-heading-tag{\nfont-size:0.8em;\n}\n}\n\n@media only screen and (max-width: 479px){ \n#top #wrap_all .av-special-heading.av-bg71e-64fa9868e11750640e1f53a9d7d9bdec .av-special-heading-tag{\nfont-size:0.8em;\n}\n}\n<\/style>\n<div  class='av-special-heading av-bg71e-64fa9868e11750640e1f53a9d7d9bdec av-special-heading-h1 custom-color-heading blockquote modern-quote  avia-builder-el-3  el_before_av_textblock  avia-builder-el-first  av-thin-font av-inherit-size'><h1 class='av-special-heading-tag '  itemprop=\"headline\"  >Hoe kan u ons <strong>steunen<\/strong>?<\/h1><div class=\"special-heading-border\"><div class=\"special-heading-inner-border\"><\/div><\/div><\/div><br \/>\n<section  class='av_textblock_section av-lrgtinrk-5ec12e174c19cf8c4581b44ac117ab12 '   itemscope=\"itemscope\" itemtype=\"https:\/\/schema.org\/CreativeWork\" ><div class='avia_textblock'  itemprop=\"text\" ><p>Een festival als Les Concerts du Printemps heeft u nodig om zijn mooie avontuur voort te zetten.<\/p>\n<p>Er zijn verschillende mogelijkheden om ons te steunen. Door ons te steunen, zorgt u ervoor dat het festival blijft bestaan, u bevordert de kwaliteit van de programma&#8217;s die we aanbieden en u maakt nieuwe projecten mogelijk.<\/p>\n<\/div><\/section><br \/>\n\n<style type=\"text\/css\" data-created_by=\"avia_inline_auto\" id=\"style-css-av-33ykm2-dd24f33d566141da7a63f6e0dc12abde\">\n#top .hr.hr-invisible.av-33ykm2-dd24f33d566141da7a63f6e0dc12abde{\nheight:50px;\n}\n<\/style>\n<div  class='hr av-33ykm2-dd24f33d566141da7a63f6e0dc12abde hr-invisible  avia-builder-el-5  el_after_av_textblock  avia-builder-el-last '><span class='hr-inner '><span class=\"hr-inner-style\"><\/span><\/span><\/div><\/p><\/div><\/div><!--close column table wrapper. Autoclose: 1 -->\n\n<style type=\"text\/css\" data-created_by=\"avia_inline_auto\" id=\"style-css-av-lsdmd4xf-a7ed869e8c116bd214948ba4ce264204\">\n#top .hr.hr-invisible.av-lsdmd4xf-a7ed869e8c116bd214948ba4ce264204{\nheight:50px;\n}\n<\/style>\n<div  id=\"dons\"  class='hr av-lsdmd4xf-a7ed869e8c116bd214948ba4ce264204 hr-invisible  avia-builder-el-6  el_after_av_one_full  el_before_av_one_half '><span class='hr-inner '><span class=\"hr-inner-style\"><\/span><\/span><\/div>\n<div  class='flex_column av-2j6uei-349b901411d9fd30fd3b1d3b29b97239 av_one_half  avia-builder-el-7  el_after_av_hr  el_before_av_one_half  first flex_column_div  '     ><p>\n<style type=\"text\/css\" data-created_by=\"avia_inline_auto\" id=\"style-css-av-lrguowkb-451a3576b265391cfdf155a5fe1c9826\">\n#top .av-special-heading.av-lrguowkb-451a3576b265391cfdf155a5fe1c9826{\npadding-bottom:10px;\n}\nbody .av-special-heading.av-lrguowkb-451a3576b265391cfdf155a5fe1c9826 .av-special-heading-tag .heading-char{\nfont-size:25px;\n}\n.av-special-heading.av-lrguowkb-451a3576b265391cfdf155a5fe1c9826 .av-subheading{\nfont-size:15px;\n}\n<\/style>\n<div  class='av-special-heading av-lrguowkb-451a3576b265391cfdf155a5fe1c9826 av-special-heading-h2  avia-builder-el-8  el_before_av_textblock  avia-builder-el-first '><h2 class='av-special-heading-tag '  itemprop=\"headline\"  >Word SPONSOR van het Festival<\/h2><div class=\"special-heading-border\"><div class=\"special-heading-inner-border\"><\/div><\/div><\/div><br \/>\n<section  class='av_textblock_section av-2fdpoa-fc81d7552144a63e9ae2312e63a2ccb2 '   itemscope=\"itemscope\" itemtype=\"https:\/\/schema.org\/CreativeWork\" ><div class='avia_textblock'  itemprop=\"text\" ><p>U bent actief in het economische, sociale of culturele leven van de regio en wil graag uw steun verlenen aan de Concerts du Printemps.<\/p>\n<p>Deze steun kan onder verschillende vormen.<\/p>\n<p>1. U kan <strong>sponsor worden van een concert<\/strong> en er zo<strong>uw naam aan verbinden<\/strong>. Uw steun wordt vermeld op onze verschillende promotiematerialen voor het festival en u ontvangt <strong>tot 50 gratis tickets<\/strong> waarmee u uw vrienden, potenti\u00eble klanten, klanten en kennissen kan uitnodigen. Naast het concert kunt u een receptie voor uw genodigden organiseren, onder voorwaarden die we samen kunnen afspreken.<br \/>\nNeem contact met ons op zodat we dit kunnen bespreken.<\/p>\n<p>2. U kunt ons ook steunen door de <strong>naam van uw bedrijf <\/strong> aan het Festival te verbinden: voor een bedrag van <strong>\u20ac600<\/strong> wordt een <strong>volledige pagina in kleur<\/strong> met uw bedrijfsnaam opgenomen in onze <strong>programmabrochure <\/strong> en wordt uw bedrijf vermeld op onze <strong>website<\/strong>. U ontvangt <strong>tien gratis plaatsen<\/strong> om uw vrienden en kennissen uit te nodigen.<\/p>\n<p>3. Vanaf een <strong>bedrag van 150\u20ac<\/strong> kunt u het festival steunen, hierbij wordt <strong>uw naam vermeld<\/strong> in onze <strong>programmabrochure<\/strong> en op onze <strong>website,<\/strong> <strong>gratis<\/strong> <strong>toegangskaarten<\/strong> worden aangeboden afhankelijk van het bedrag van uw steun.<\/p>\n<\/div><\/section><\/p><\/div>\n<div  class='flex_column av-animq-42c0a09bdf8e0a28c4445e707bb144de av_one_half  avia-builder-el-10  el_after_av_one_half  el_before_av_section  avia-builder-el-last  flex_column_div  '     ><p>\n<style type=\"text\/css\" data-created_by=\"avia_inline_auto\" id=\"style-css-av-lrguoc31-4eca41ca6d98ef9cfdac7d647698b401\">\n#top .av-special-heading.av-lrguoc31-4eca41ca6d98ef9cfdac7d647698b401{\npadding-bottom:10px;\n}\nbody .av-special-heading.av-lrguoc31-4eca41ca6d98ef9cfdac7d647698b401 .av-special-heading-tag .heading-char{\nfont-size:25px;\n}\n.av-special-heading.av-lrguoc31-4eca41ca6d98ef9cfdac7d647698b401 .av-subheading{\nfont-size:15px;\n}\n<\/style>\n<div  class='av-special-heading av-lrguoc31-4eca41ca6d98ef9cfdac7d647698b401 av-special-heading-h2  avia-builder-el-11  el_before_av_textblock  avia-builder-el-first '><h2 class='av-special-heading-tag '  itemprop=\"headline\"  >Word VRIEND van het Festival<\/h2><div class=\"special-heading-border\"><div class=\"special-heading-inner-border\"><\/div><\/div><\/div><br \/>\n<section  class='av_textblock_section av-2s7yvm-9904036533c9337d59955e1a82062da7 '   itemscope=\"itemscope\" itemtype=\"https:\/\/schema.org\/CreativeWork\" ><div class='avia_textblock'  itemprop=\"text\" ><p>Door een <strong>storting<\/strong> van <strong>100<\/strong>\u20ac of meer te doen, wordt u lid van een kring van mecenassen die graag hun betrokkenheid bij het festival willen tonen en willen helpen om het voortbestaan ervan te waarborgen en zijn uitstraling te vergroten.<\/p>\n<\/div><\/section><br \/>\n<section  class='av_textblock_section av-ltkbjq5g-939d9e1b4d558d6676134dd83cea5b78 '   itemscope=\"itemscope\" itemtype=\"https:\/\/schema.org\/CreativeWork\" ><div class='avia_textblock'  itemprop=\"text\" ><p>Tot slot, als u <strong>deel wilt uitmaken van de organisatie<\/strong> van het festival, laat het ons dan weten. We zijn steeds op zoek naar nieuwe krachten en nieuwe idee\u00ebn. Dompel uzelf onder in het spannende avontuur van de Concerts du Printemps in de Abdij van Val-Dieu!<\/p>\n<\/div><\/section><\/p><\/div>\n<\/div><\/div><\/div><!-- close content main div --><\/div><\/div><div id='av_section_2'  class='avia-section av-201ray-30407bf0da8bdabb9c3865d084f5352d main_color avia-section-default avia-no-border-styling  avia-builder-el-14  el_after_av_one_half  el_before_av_section  avia-bg-style-scroll container_wrap fullsize'  ><div class='container av-section-cont-open' ><div class='template-page content  av-content-full alpha units'><div class='post-entry post-entry-type-page post-entry-1775'><div class='entry-content-wrapper clearfix'>\n\n<style type=\"text\/css\" data-created_by=\"avia_inline_auto\" id=\"style-css-av-8q3ei-a854370dd3fba53fd36048eb73f8c2de\">\n#top .av-special-heading.av-8q3ei-a854370dd3fba53fd36048eb73f8c2de{\npadding-bottom:10px;\n}\nbody .av-special-heading.av-8q3ei-a854370dd3fba53fd36048eb73f8c2de .av-special-heading-tag .heading-char{\nfont-size:25px;\n}\n.av-special-heading.av-8q3ei-a854370dd3fba53fd36048eb73f8c2de .av-subheading{\nfont-size:15px;\n}\n<\/style>\n<div  class='av-special-heading av-8q3ei-a854370dd3fba53fd36048eb73f8c2de av-special-heading-h3  avia-builder-el-15  el_before_av_textblock  avia-builder-el-first '><h3 class='av-special-heading-tag '  itemprop=\"headline\"  >Contact?<\/h3><div class=\"special-heading-border\"><div class=\"special-heading-inner-border\"><\/div><\/div><\/div>\n<section  class='av_textblock_section av-ltka10dm-3884d0fc2b6a6f7884b09c7e9c017ae0 '   itemscope=\"itemscope\" itemtype=\"https:\/\/schema.org\/CreativeWork\" ><div class='avia_textblock'  itemprop=\"text\" ><p>Als u interesse hebt om ons te steunen, dan kan u contact opnemen met <strong>Philippe Hallet<\/strong> via mail op <strong>info@concertsduprintemps.be<\/strong>, ter attentie van Philippe Hallet. Alle nodige informatie zal u verstrekt worden.<\/p>\n<p>Alvast bedankt voor uw steun.<\/p>\n<\/div><\/section>\n\n<\/div><\/div><\/div><!-- close content main div --><\/div><\/div><div id='partenaires'  class='avia-section av-1qcwi-cf8f4dd8580bd55177cf3c850ab310b9 main_color avia-section-default avia-no-border-styling  avia-builder-el-17  el_after_av_section  el_before_av_section  avia-bg-style-scroll container_wrap fullsize'  ><div class='container av-section-cont-open' ><div class='template-page content  av-content-full alpha units'><div class='post-entry post-entry-type-page post-entry-1775'><div class='entry-content-wrapper clearfix'>\n\n<style type=\"text\/css\" data-created_by=\"avia_inline_auto\" id=\"style-css-av-bwaii-a6951f5196dd3fb6448e534c57997e29\">\n#top .av-special-heading.av-bwaii-a6951f5196dd3fb6448e534c57997e29{\npadding-bottom:10px;\n}\nbody .av-special-heading.av-bwaii-a6951f5196dd3fb6448e534c57997e29 .av-special-heading-tag .heading-char{\nfont-size:25px;\n}\n.av-special-heading.av-bwaii-a6951f5196dd3fb6448e534c57997e29 .av-subheading{\nfont-size:15px;\n}\n<\/style>\n<div  id=\"partenaires\"  class='av-special-heading av-bwaii-a6951f5196dd3fb6448e534c57997e29 av-special-heading-h3  avia-builder-el-18  avia-builder-el-no-sibling '><h3 class='av-special-heading-tag '  itemprop=\"headline\"  >Bedankt aan al onze sponsors<\/h3><div class=\"special-heading-border\"><div class=\"special-heading-inner-border\"><\/div><\/div><\/div>\n\n<\/div><\/div><\/div><!-- close content main div --><\/div><\/div><div id='av_section_4'  class='avia-section av-1o77le-f778a8386cfc2b84ef531263bf71d7f1 main_color avia-section-default avia-no-border-styling  avia-builder-el-19  el_after_av_section  el_before_av_section  avia-bg-style-scroll container_wrap fullsize'  ><div class='container av-section-cont-open' ><div class='template-page content  av-content-full alpha units'><div class='post-entry post-entry-type-page post-entry-1775'><div class='entry-content-wrapper clearfix'>\n\n<style type=\"text\/css\" data-created_by=\"avia_inline_auto\" id=\"style-css-av-lrgveifr-6cfa92b3e92181576cceb3c9798efcf7\">\n#top .av-special-heading.av-lrgveifr-6cfa92b3e92181576cceb3c9798efcf7{\npadding-bottom:10px;\n}\nbody .av-special-heading.av-lrgveifr-6cfa92b3e92181576cceb3c9798efcf7 .av-special-heading-tag .heading-char{\nfont-size:25px;\n}\n.av-special-heading.av-lrgveifr-6cfa92b3e92181576cceb3c9798efcf7 .av-subheading{\nfont-size:15px;\n}\n<\/style>\n<div  class='av-special-heading av-lrgveifr-6cfa92b3e92181576cceb3c9798efcf7 av-special-heading-h3  avia-builder-el-20  avia-builder-el-no-sibling '><h3 class='av-special-heading-tag '  itemprop=\"headline\"  >Onze sponsors<\/h3><div class=\"special-heading-border\"><div class=\"special-heading-inner-border\"><\/div><\/div><\/div>\n\n<\/div><\/div><\/div><!-- close content main div --><\/div><\/div><div id='av_section_5'  class='avia-section av-luvdgk4d-18e55c0382a49abd8447ea324a863fda alternate_color avia-section-default avia-no-border-styling  avia-builder-el-21  el_after_av_section  el_before_av_section  avia-bg-style-scroll container_wrap fullsize'  ><div class='container av-section-cont-open' ><div class='template-page content  av-content-full alpha units'><div class='post-entry post-entry-type-page post-entry-1775'><div class='entry-content-wrapper clearfix'>\n\n<style type=\"text\/css\" data-created_by=\"avia_inline_auto\" id=\"style-css-av-luvdgnaa-5b14e9a7f05d91e74c4141ab8c2ea14d\">\n#top .av_textblock_section.av-luvdgnaa-5b14e9a7f05d91e74c4141ab8c2ea14d .avia_textblock{\nfont-size:25px;\n}\n<\/style>\n<section  class='av_textblock_section av-luvdgnaa-5b14e9a7f05d91e74c4141ab8c2ea14d '   itemscope=\"itemscope\" itemtype=\"https:\/\/schema.org\/CreativeWork\" ><div class='avia_textblock'  itemprop=\"text\" ><ul>\n<li><strong>BRICO, <\/strong>Rue de Herve 108, 4651 Battice, 087 65 66 12, www.brico.be<\/li>\n<li><strong>Assurances Gerardy<\/strong><\/li>\n<li><strong>TubeMeuse Protection srl &#8211; Protection cathodique, <\/strong>rue Z\u00e9nobe Gramme 24, 4821 Andrimont, 087 30 17 27, www.tubemeuse.be<\/li>\n<li><strong>La Mutualit\u00e9 Neutre, <\/strong>04 254 58 11, www.lamn.be<\/li>\n<li><strong>Georges Stassen<br \/>\n<\/strong><\/li>\n<li><strong>ERA &#8211; \u00e9lectricit\u00e9 r\u00e9gulation automation, <\/strong>Rue Princesse Astrid 1, 4631 Soumagne, 04 220 54 40, era@era-entreprise.eu<\/li>\n<li><strong>Belfius<\/strong><\/li>\n<li><strong>ENERSOL &#8211; Energy Solutions, <\/strong>Rue de Maestricht 70, 4651 Battice, 087 68 68 22, www.enersol.be<\/li>\n<li><strong>BRASSERIE de l&#8217;Abbaye du Val-Dieu, <\/strong>Val-Dieu 225, 4880 Aubel, @valdieubrasserie<\/li>\n<li><strong>ecoson &#8211; Rendac &#8211; sonac<\/strong><\/li>\n<\/ul>\n<\/div><\/section>\n\n<\/div><\/div><\/div><!-- close content main div --><\/div><\/div><div id='av_section_6'  class='avia-section av-luvdjzus-6cf0715d8fda17dc6850a529e6d54836 main_color avia-section-default avia-no-border-styling  avia-builder-el-23  el_after_av_section  el_before_av_section  avia-bg-style-scroll container_wrap fullsize'  ><div class='container av-section-cont-open' ><div class='template-page content  av-content-full alpha units'><div class='post-entry post-entry-type-page post-entry-1775'><div class='entry-content-wrapper clearfix'>\n\n<style type=\"text\/css\" data-created_by=\"avia_inline_auto\" id=\"style-css-av-luvdjugf-af1dfb1c251f4d20c35e7066da09ffc9\">\n#top .av_textblock_section.av-luvdjugf-af1dfb1c251f4d20c35e7066da09ffc9 .avia_textblock{\nfont-size:20px;\n}\n<\/style>\n<section  class='av_textblock_section av-luvdjugf-af1dfb1c251f4d20c35e7066da09ffc9 '   itemscope=\"itemscope\" itemtype=\"https:\/\/schema.org\/CreativeWork\" ><div class='avia_textblock'  itemprop=\"text\" ><ul>\n<li><strong>Bloemendecoratie aangeboden door Charlotte &#8211; Cr\u00e9ation florale,<\/strong> Pl. Antoine Ernst 4, 4880 Aubel, 0492 86 09 99<\/li>\n<li><strong>Siroperie Meurens<\/strong><\/li>\n<li><strong>\u00d4 Macra B&amp;B &#8211; \u00d4 Macra House, Chambres d&#8217;h\u00f4tes et g\u00eete rural, <\/strong>Macra 269, 4880 Aubel, 0495 28 15 90, www.omacra.be<\/li>\n<li><strong>Carrefour Market, <\/strong>Rue de Battice 140, 4880 Aubel, 087 68 14 70, gbaube@skynet.be<\/li>\n<li><strong>VM-S\u00e9curit\u00e9,<\/strong> Rue Frumhy 34, 4671 Barchon, 0496 12 84 78, 04 377 88 00, www.vmsecurite.be<\/li>\n<li><strong>Terre de Fromages &#8211; La tradition s&#8217;invite chez vous,<\/strong> Rue de Charneux 32, 4650 Herve, www.terredefromages.be<\/li>\n<li><strong>Cabay Assurances Fintro,<\/strong> Aubel<\/li>\n<li><strong>Garage Spirlet,<\/strong> Outre-Cour 11, 4650 Herve, 087 67 49 10, www.spirlet.be<\/li>\n<\/ul>\n<\/div><\/section>\n<\/div><\/div><\/div><!-- close content main div --><\/div><\/div><div id='av_section_7'  class='avia-section av-luvdkptx-e99e4caee5374005bb215e2d0b8d9174 alternate_color avia-section-default avia-no-border-styling  avia-builder-el-25  el_after_av_section  avia-builder-el-last  avia-bg-style-scroll container_wrap fullsize'  ><div class='container av-section-cont-open' ><div class='template-page content  av-content-full alpha units'><div class='post-entry post-entry-type-page post-entry-1775'><div class='entry-content-wrapper clearfix'>\n\n<style type=\"text\/css\" data-created_by=\"avia_inline_auto\" id=\"style-css-av-luvdkiz4-a5f3919d64ab05af62cccbe7bd61586e\">\n#top .av_textblock_section.av-luvdkiz4-a5f3919d64ab05af62cccbe7bd61586e .avia_textblock{\ncolor:#ffffff;\n}\n<\/style>\n<section  class='av_textblock_section av-luvdkiz4-a5f3919d64ab05af62cccbe7bd61586e '   itemscope=\"itemscope\" itemtype=\"https:\/\/schema.org\/CreativeWork\" ><div class='avia_textblock av_inherit_color'  itemprop=\"text\" ><ul>\n<li><strong>Raph Cook&#8217;s &#8211; Bistronomie<\/strong>, Pl. Nicola\u00ef 31, 4880 Aubel, 087 70 17 60<\/li>\n<li><strong>Brasserie Le Berry,<\/strong> Pl. Antoine Ernst 22, 4880 Aubel, 0477 19 02 41<\/li>\n<li><strong>Siroperie Artisanale d&#8217;Aubel,<\/strong> Rue St-Atonine 16, 4880 Aubel, 087 68 64 38, info@sirop.be<\/li>\n<li><strong>Gedimat Scheen-Brouha,<\/strong> Route de Battice 99, 4880 Aubel, 087 68 70 88<\/li>\n<li><strong>L&#8217;Artisan du Piano &#8211; Micha\u00ebl Grailet<\/strong>, Rue de Maestricht 11, 4600 Vis\u00e9, 0494 34 27 64<\/li>\n<li><strong>Infini.be &#8211; Sonorisation &#8211; Eclairage,<\/strong> 0475 46 38 30, info@infini.be<\/li>\n<li><strong>Pesser &#8211; Un nom dans la pierre,<\/strong> Rue de Battice 120, 4880 Aubel, 087 68 74 76, melanie@pesser.be<\/li>\n<li><strong>Acad\u00e9mie de Welkenraedt &#8211; Parole, Danse, Musique,<\/strong> 087 89 80 11, acawelk@skynet.be<\/li>\n<li><strong>Patisserie JeanPierre,<\/strong> Place Nicola\u00ef 29, 4880 Aubel, 087 68 70 60, www.patisseriejeanpierre.be<\/li>\n<li><strong>Wininfo &#8211; Gestion Informatique,<\/strong> Rue du Centre 15, 4651 Battice, 087 31 31 34, www.winfinfo.be<\/li>\n<li><strong>Le Moulin du Val-Dieu,<\/strong> Val Dieu 298, 4880 Aubel, 087 68 01 84<\/li>\n<li><strong>Vincent Van Wers &#8211; Electricit\u00e9,<\/strong> 0475 47 36 62, www.vanwers.be<\/li>\n<li><strong>Ghislan Royen<\/strong>, C\u00f4te de Hagelstein 23\/25, 4880 Aubel, 087 68 14 14, g.royen.avocat@skynet.be<\/li>\n<li><strong>Fiduciaire Joseph Beuken,<\/strong> Elseroux 35, 4890 Thimister, 087\/44 51 42, www.beuken.be<\/li>\n<li><strong>Isali, Delights of Asia,<\/strong> www.isali.com<\/li>\n<li><strong>Clair-ment Bon, Boulangerie-Patisserie,<\/strong> Chauss\u00e9e de Li\u00e8ge 61, 4841 Henri-Chapelle, 087 64 64 20<\/li>\n<li><strong>La r\u00e9f\u00e9rence coiffure, Centre de bien-\u00eatre capillaire,<\/strong> Rue du Centre 21, 4651 Battice, 0494 30 10 50, www.coiffeurnaturel.be<\/li>\n<li><strong>Tychon Fr\u00e8res srl,<\/strong> Rue de Li\u00e8ge 275, 4720 La Calamine, 087 63 95 20, www.tychon-sprl.be<\/li>\n<li><strong>Anne Deltour Optique,<\/strong> Rue de la Station 31, 4880 Aubel, 087 68 70 62, www.annedeltour.be<\/li>\n<li><strong>s.a. Huppy Pinckaers, <\/strong>La Planck 11, 3790 Fourons, 04 381 07 86<\/li>\n<li><strong>Charlier &amp; Detiffe Assurances &#8211; Agences Crelan,<\/strong> rue de Verviers 68, 4651 Battice, 087 69 34 23<\/li>\n<li><strong>Perfection Coiffure F\u00e9minin &#8211; Masculin,<\/strong> Place Antoine Ernst 1, 4880 Aubel, 087 68 62 42<\/li>\n<li><strong>s.a. Jean GOTTA,<\/strong> rue de Merckhof 113, 4880 Aubel, 087 68 02 10<\/li>\n<\/ul>\n<\/div><\/section>\n<\/p>\n","protected":false},"excerpt":{"rendered":"","protected":false},"author":3,"featured_media":0,"parent":0,"menu_order":0,"comment_status":"closed","ping_status":"closed","template":"","meta":{"footnotes":""},"class_list":["post-1775","page","type-page","status-publish","hentry"],"_links":{"self":[{"href":"https:\/\/concertsduprintemps.be\/nl\/wp-json\/wp\/v2\/pages\/1775","targetHints":{"allow":["GET"]}}],"collection":[{"href":"https:\/\/concertsduprintemps.be\/nl\/wp-json\/wp\/v2\/pages"}],"about":[{"href":"https:\/\/concertsduprintemps.be\/nl\/wp-json\/wp\/v2\/types\/page"}],"author":[{"embeddable":true,"href":"https:\/\/concertsduprintemps.be\/nl\/wp-json\/wp\/v2\/users\/3"}],"replies":[{"embeddable":true,"href":"https:\/\/concertsduprintemps.be\/nl\/wp-json\/wp\/v2\/comments?post=1775"}],"version-history":[{"count":47,"href":"https:\/\/concertsduprintemps.be\/nl\/wp-json\/wp\/v2\/pages\/1775\/revisions"}],"predecessor-version":[{"id":3053,"href":"https:\/\/concertsduprintemps.be\/nl\/wp-json\/wp\/v2\/pages\/1775\/revisions\/3053"}],"wp:attachment":[{"href":"https:\/\/concertsduprintemps.be\/nl\/wp-json\/wp\/v2\/media?parent=1775"}],"curies":[{"name":"wp","href":"https:\/\/api.w.org\/{rel}","templated":true}]}}